{"id":4049,"date":"2021-01-26T14:49:26","date_gmt":"2021-01-26T19:49:26","guid":{"rendered":"http:\/\/www.autosolutions.ca\/page-daccueil\/"},"modified":"2021-04-09T20:30:14","modified_gmt":"2021-04-10T00:30:14","slug":"page-daccueil","status":"publish","type":"page","link":"https:\/\/auto-internet.ca\/fr\/","title":{"rendered":"Accueil"},"content":{"rendered":"<p>[vc_row full_width=\u00a0\u00bbstretch_row_content_no_spaces\u00a0\u00bb][vc_column css=\u00a0\u00bb.vc_custom_1612279844804{margin-top: -90px !important;}\u00a0\u00bb offset=\u00a0\u00bbvc_hidden-sm vc_hidden-xs\u00a0\u00bb][vc_raw_html]W2VtYmVkeXRdaHR0cHM6Ly95b3V0dS5iZS9JQ1BWbm1fNUMyd1svZW1iZWR5dF0=[\/vc_raw_html][\/vc_column][\/vc_row][vc_row][vc_column offset=\u00a0\u00bbvc_hidden-lg vc_hidden-md\u00a0\u00bb][vc_single_image image=\u00a0\u00bb3836&Prime; img_size=\u00a0\u00bbfull\u00a0\u00bb][\/vc_column][\/vc_row][vc_row full_width=\u00a0\u00bbstretch_row\u00a0\u00bb css=\u00a0\u00bb.vc_custom_1524051811780{padding-top: 74px !important;padding-bottom: 17px !important;background-color: #ffffff !important;}\u00a0\u00bb][vc_column][vc_column_text css=\u00a0\u00bb.vc_custom_1610639919258{margin-bottom: 19px !important;}\u00a0\u00bb]<\/p>\n<h2 style=\"text-align: center;\">OFFRES<span style=\"color: #dd3333;\"> SP\u00c9CIALES<br \/>\n<\/span><\/h2>\n<p>[\/vc_column_text][vc_raw_html]JTNDaWZyYW1lJTIwc3JjJTNEJTIyaHR0cCUzQSUyRiUyRnBvcnRhbC5hdXRvLWludGVybmV0LmNhJTJGYXV0b3MubnNmJTJGc2xpZGVyMyUzRm9wZW5mb3JtJTI2RElEJTNEYWkwMzI0MjElMjZsYW5nJTNEZnIlMjIlMjBzYW5kYm94JTNEJTIyYWxsb3ctZm9ybXMlMjBhbGxvdy1zY3JpcHRzJTIwYWxsb3ctdG9wLW5hdmlnYXRpb24lMjBhbGxvdy1zYW1lLW9yaWdpbiUyMGFsbG93LXBvcHVwcyUyMiUyMGhlaWdodCUzRCUyMjUxNXB4JTIyJTNCJTIwd2lkdGglM0QlMjIxMDAlMjUlMjIlM0IlMjBzY3JvbGxpbmclM0QlMjJubyUyMiUzQiUyMGZyYW1lQm9yZGVyJTNEJTIyMCUyMiUzQiUzRSUzQyUyRmlmcmFtZSUzRQ==[\/vc_raw_html][vc_btn title=\u00a0\u00bbMONTRE PLUS\u00a0\u00bb style=\u00a0\u00bboutline-custom\u00a0\u00bb outline_custom_color=\u00a0\u00bb#000000&Prime; outline_custom_hover_background=\u00a0\u00bb#000000&Prime; outline_custom_hover_text=\u00a0\u00bb#ffffff\u00a0\u00bb align=\u00a0\u00bbcenter\u00a0\u00bb link=\u00a0\u00bburl:http%3A%2F%2Fportal.auto-internet.ca%2Fautos.nsf%2Fgrid5%3FOpenForm%26DID%3Dai032421%26lang%3Dfr|title:INVENTAIRE%20COMPLET\u00a0\u00bb css=\u00a0\u00bb.vc_custom_1618013413228{margin-top: 10px !important;}\u00a0\u00bb][\/vc_column][\/vc_row][vc_row full_width=\u00a0\u00bbstretch_row\u00a0\u00bb parallax=\u00a0\u00bbcontent-moving\u00a0\u00bb parallax_image=\u00a0\u00bb3768&Prime; css=\u00a0\u00bb.vc_custom_1611846163166{padding-top: 63px !important;padding-bottom: 75px !important;background-image: url(http:\/\/auto-internet.ca\/wp-content\/uploads\/2021\/01\/cparking.jpg?id=3983) !important;background-position: center;background-repeat: no-repeat !important;background-size: cover !important;}\u00a0\u00bb][vc_column width=\u00a0\u00bb1\/2&Prime;][stm_icon_box icon=\u00a0\u00bbstm-icon-car_search\u00a0\u00bb link=\u00a0\u00bburl:http%3A%2F%2Fportal.auto-internet.ca%2Fautos.nsf%2Fgrid5%3FOpenForm%26DID%3Dai032421%26lang%3Dfr\u00a0\u00bb css=\u00a0\u00bb.vc_custom_1618013444180{background-position: center !important;background-repeat: no-repeat !important;background-size: cover !important;}\u00a0\u00bb box_bg_color=\u00a0\u00bbrgba(255,255,255,0.9)\u00a0\u00bb box_text_color=\u00a0\u00bb#373c3f\u00a0\u00bb title=\u00a0\u00bbVOUS CHERCHEZ UNE VOITURE?\u00a0\u00bb icon_size=\u00a0\u00bb52&Prime; btn_text=\u00a0\u00bbINVENTAIRE\u00a0\u00bb icon_color=\u00a0\u00bb#373c3f\u00a0\u00bb btn_color=\u00a0\u00bb#4c6cdd\u00a0\u00bb]<span style=\"font-size: 16px; line-height: 30px;\">Nos voitures sont livr\u00e9es enti\u00e8rement enregistr\u00e9es avec toutes les exigences remplies. Nous livrerons votre voiture o\u00f9 que vous soyez<\/span>[\/stm_icon_box][\/vc_column][vc_column width=\u00a0\u00bb1\/2&Prime;][stm_icon_box icon=\u00a0\u00bbfas fa-phone-alt\u00a0\u00bb box_bg_color=\u00a0\u00bb#ffb129&Prime; box_text_color=\u00a0\u00bb#373c3f\u00a0\u00bb link=\u00a0\u00bburl:http%3A%2F%2Fauto-internet.ca%2Fcontact-us-2%2F|title:http%3A%2F%2Fauto-internet.ca%2Fcontact-us-2%2F\u00a0\u00bb title=\u00a0\u00bbNOUS CONTACTER\u00a0\u00bb icon_size=\u00a0\u00bb52&Prime; btn_text=\u00a0\u00bbCONTACT\u00a0\u00bb icon_color=\u00a0\u00bb#373c3f\u00a0\u00bb btn_color=\u00a0\u00bb#4c6cdd\u00a0\u00bb btn_hover_color=\u00a0\u00bb#ffffff\u00a0\u00bb]<span style=\"font-size: 16px; line-height: 30px;\">B\u00e9n\u00e9ficiez de la meilleure valeur absolue pour votre v\u00e9hicule d&rsquo;\u00e9change. Nous g\u00e9rons m\u00eame tous les documents. Prenez rendez-vous aujourd&rsquo;hui!<\/span>[\/stm_icon_box][\/vc_column][\/vc_row][vc_row full_width=\u00a0\u00bbstretch_row\u00a0\u00bb css=\u00a0\u00bb.vc_custom_1524464731126{padding-top: 40px !important;padding-bottom: 85px !important;background-color: #f2f2f2 !important;background-position: center !important;background-repeat: no-repeat !important;background-size: cover !important;}\u00a0\u00bb][vc_column][vc_column_text css=\u00a0\u00bb.vc_custom_1611005836851{padding-bottom: 0px !important;}\u00a0\u00bb]<\/p>\n<h2 style=\"text-align: center;\">AUTO INTERNET: <span style=\"color: #dd3333;\"><br \/>\nCONCESSIONNAIRE AUTOMOBILE \u00c0 POINT-AUX-TREMBLES<br \/>\n<\/span><\/h2>\n<p>[\/vc_column_text][vc_separator color=\u00a0\u00bbblack\u00a0\u00bb border_width=\u00a0\u00bb3&Prime; css=\u00a0\u00bb.vc_custom_1611005605201{padding-top: 0px !important;}\u00a0\u00bb][vc_column_text css=\u00a0\u00bb.vc_custom_1611932223124{margin-bottom: 23px !important;padding-right: 80px !important;padding-left: 80px !important;}\u00a0\u00bb]<\/p>\n<p style=\"text-align: center;\"><strong>Auto Internet<\/strong>, c&rsquo;est votre concessionnaire d&rsquo;<strong>autos usag\u00e9es<\/strong>\u00a0\u00e0 vendre \u00e0\u00a0<strong>Pointe-aux-Trembles<\/strong>, \u00e0\u00a0<strong>Montr\u00e9al<\/strong>, o\u00f9 vous pouvez acc\u00e9der \u00e0 un vaste\u00a0<a href=\"https:\/\/auto-internet.ca\/fr\/?page_id=4145\">inventaire en ligne<\/a>\u00a0comprenant de nonbreux v\u00e9hicules. Profitez d&rsquo;un moment agr\u00e9able que vous pourrez passer chez Auto Internet en compagnie de conseillers chevronn\u00e9s qui sauront vous accueillir avec enthousiasme et qui n&rsquo;auront qu&rsquo;un seul objectif : votre enti\u00e8re satisfaction du moment, et pour des ann\u00e9es \u00e0 venir.<\/p>\n<p style=\"text-align: center;\">Plusieurs mod\u00e8les d&rsquo;autos usag\u00e9es sont disponibles chez Auto Internet, tous en excellent \u00e9tat et \u00e0 prix exceptionnel. Nos v\u00e9hicules sont soumis \u00e0 plusieurs tests minutieux avant de figurer parmi notre inventaire et de trouver leur place dans notre salle d&rsquo;exposition. Nous certifions le kilom\u00e9trage de nos v\u00e9hicules et nous vous offrons plusieurs formules de garanties, en plus de la garantie constructeur.<\/p>\n<p style=\"text-align: center;\">Auto Internet, d\u00e9taillant d&rsquo;autos usag\u00e9es unique en son genre, \u00e0 votre service !<\/p>\n<p>[\/vc_column_text][\/vc_column][\/vc_row][vc_row][vc_column][\/vc_column][\/vc_row]<\/p>\n","protected":false},"excerpt":{"rendered":"<p>[vc_row full_width=\u00a0\u00bbstretch_row_content_no_spaces\u00a0\u00bb][vc_column css=\u00a0\u00bb.vc_custom_1612279844804{margin-top: -90px !important;}\u00a0\u00bb offset=\u00a0\u00bbvc_hidden-sm vc_hidden-xs\u00a0\u00bb][vc_raw_html]W2VtYmVkeXRdaHR0cHM6Ly95b3V0dS5iZS9JQ1BWbm1fNUMyd1svZW1iZWR5dF0=[\/vc_raw_html][\/vc_column][\/vc_row][vc_row][vc_column offset=\u00a0\u00bbvc_hidden-lg vc_hidden-md\u00a0\u00bb][vc_single_image image=\u00a0\u00bb3836&Prime; img_size=\u00a0\u00bbfull\u00a0\u00bb][\/vc_column][\/vc_row][vc_row full_width=\u00a0\u00bbstretch_row\u00a0\u00bb css=\u00a0\u00bb.vc_custom_1524051811780{padding-top: 74px !important;padding-bottom: 17px !important;background-color: #ffffff !important;}\u00a0\u00bb][vc_column][vc_column_text css=\u00a0\u00bb.vc_custom_1610639919258{margin-bottom: 19px !important;}\u00a0\u00bb] OFFRES SP\u00c9CIALES [\/vc_column_text][vc_raw_html]JTNDaWZyYW1lJTIwc3JjJTNEJTIyaHR0cCUzQSUyRiUyRnBvcnRhbC5hdXRvLWludGVybmV0LmNhJTJGYXV0b3MubnNmJTJGc2xpZGVyMyUzRm9wZW5mb3JtJTI2RElEJTNEYWkwMzI0MjElMjZsYW5nJTNEZnIlMjIlMjBzYW5kYm94JTNEJTIyYWxsb3ctZm9ybXMlMjBhbGxvdy1zY3JpcHRzJTIwYWxsb3ctdG9wLW5hdmlnYXRpb24lMjBhbGxvdy1zYW1lLW9yaWdpbiUyMGFsbG93LXBvcHVwcyUyMiUyMGhlaWdodCUzRCUyMjUxNXB4JTIyJTNCJTIwd2lkdGglM0QlMjIxMDAlMjUlMjIlM0IlMjBzY3JvbGxpbmclM0QlMjJubyUyMiUzQiUyMGZyYW1lQm9yZGVyJTNEJTIyMCUyMiUzQiUzRSUzQyUyRmlmcmFtZSUzRQ==[\/vc_raw_html][vc_btn title=\u00a0\u00bbMONTRE PLUS\u00a0\u00bb style=\u00a0\u00bboutline-custom\u00a0\u00bb outline_custom_color=\u00a0\u00bb#000000&Prime; outline_custom_hover_background=\u00a0\u00bb#000000&Prime; outline_custom_hover_text=\u00a0\u00bb#ffffff\u00a0\u00bb align=\u00a0\u00bbcenter\u00a0\u00bb link=\u00a0\u00bburl:http%3A%2F%2Fportal.auto-internet.ca%2Fautos.nsf%2Fgrid5%3FOpenForm%26DID%3Dai032421%26lang%3Dfr|title:INVENTAIRE%20COMPLET\u00a0\u00bb css=\u00a0\u00bb.vc_custom_1618013413228{margin-top: 10px !important;}\u00a0\u00bb][\/vc_column][\/vc_row][vc_row full_width=\u00a0\u00bbstretch_row\u00a0\u00bb parallax=\u00a0\u00bbcontent-moving\u00a0\u00bb parallax_image=\u00a0\u00bb3768&Prime; css=\u00a0\u00bb.vc_custom_1611846163166{padding-top: 63px !important;padding-bottom: 75px !important;background-image: url(http:\/\/auto-internet.ca\/wp-content\/uploads\/2021\/01\/cparking.jpg?id=3983) !important;background-position: center;background-repeat: no-repeat !important;background-size: cover !important;}\u00a0\u00bb][vc_column width=\u00a0\u00bb1\/2&Prime;][stm_icon_box icon=\u00a0\u00bbstm-icon-car_search\u00a0\u00bb link=\u00a0\u00bburl:http%3A%2F%2Fportal.auto-internet.ca%2Fautos.nsf%2Fgrid5%3FOpenForm%26DID%3Dai032421%26lang%3Dfr\u00a0\u00bb css=\u00a0\u00bb.vc_custom_1618013444180{background-position:&#8230;<\/p>\n","protected":false},"author":1,"featured_media":0,"parent":0,"menu_order":0,"comment_status":"closed","ping_status":"closed","template":"","meta":{"footnotes":""},"_links":{"self":[{"href":"https:\/\/auto-internet.ca\/fr\/wp-json\/wp\/v2\/pages\/4049"}],"collection":[{"href":"https:\/\/auto-internet.ca\/fr\/wp-json\/wp\/v2\/pages"}],"about":[{"href":"https:\/\/auto-internet.ca\/fr\/wp-json\/wp\/v2\/types\/page"}],"author":[{"embeddable":true,"href":"https:\/\/auto-internet.ca\/fr\/wp-json\/wp\/v2\/users\/1"}],"replies":[{"embeddable":true,"href":"https:\/\/auto-internet.ca\/fr\/wp-json\/wp\/v2\/comments?post=4049"}],"version-history":[{"count":42,"href":"https:\/\/auto-internet.ca\/fr\/wp-json\/wp\/v2\/pages\/4049\/revisions"}],"predecessor-version":[{"id":6782,"href":"https:\/\/auto-internet.ca\/fr\/wp-json\/wp\/v2\/pages\/4049\/revisions\/6782"}],"wp:attachment":[{"href":"https:\/\/auto-internet.ca\/fr\/wp-json\/wp\/v2\/media?parent=4049"}],"curies":[{"name":"wp","href":"https:\/\/api.w.org\/{rel}","templated":true}]}}